{"id":337,"date":"2025-06-12T23:13:30","date_gmt":"2025-06-12T23:13:30","guid":{"rendered":"https:\/\/estudiosloreto.pt\/?page_id=337"},"modified":"2025-06-18T23:43:23","modified_gmt":"2025-06-18T23:43:23","slug":"termos-e-condicoes","status":"publish","type":"page","link":"https:\/\/estudiosloreto.pt\/es\/termos-e-condicoes\/","title":{"rendered":"T\u00e9rminos y Condiciones"},"content":{"rendered":"<div data-elementor-type=\"wp-page\" data-elementor-id=\"337\" class=\"elementor elementor-337\" data-elementor-post-type=\"page\">\n\t\t\t\t<div class=\"elementor-element elementor-element-0ba946f e-flex e-con-boxed e-con e-parent\" data-id=\"0ba946f\" data-element_type=\"container\" data-e-type=\"container\" data-settings=\"{&quot;background_background&quot;:&quot;classic&quot;,&quot;jet_parallax_layout_list&quot;:[]}\">\n\t\t\t\t\t<div class=\"e-con-inner\">\n\t\t\t\t\t<\/div>\n\t\t\t\t<\/div>\n\t\t<div class=\"elementor-element elementor-element-2730a68 e-flex e-con-boxed e-con e-parent\" data-id=\"2730a68\" data-element_type=\"container\" data-e-type=\"container\" data-settings=\"{&quot;jet_parallax_layout_list&quot;:[]}\">\n\t\t\t\t\t<div class=\"e-con-inner\">\n\t\t\t\t<div class=\"elementor-element elementor-element-39d32ce elementor-widget elementor-widget-heading\" data-id=\"39d32ce\" data-element_type=\"widget\" data-e-type=\"widget\" data-widget_type=\"heading.default\">\n\t\t\t\t<div class=\"elementor-widget-container\">\n\t\t\t\t\t<h1 class=\"elementor-heading-title elementor-size-default\">T\u00e9rminos y Condiciones<\/h1>\t\t\t\t<\/div>\n\t\t\t\t<\/div>\n\t\t\t\t<div class=\"elementor-element elementor-element-1792da1 elementor-widget elementor-widget-text-editor\" data-id=\"1792da1\" data-element_type=\"widget\" data-e-type=\"widget\" data-widget_type=\"text-editor.default\">\n\t\t\t\t<div class=\"elementor-widget-container\">\n\t\t\t\t\t\t\t\t\t<p class=\"p1\"><b>1. Aceptaci\u00f3n de los T\u00e9rminos<\/b><\/p><p class=\"p3\">Al acceder y utilizar el sitio web estudiosloreto.pt, usted acepta cumplir y estar obligado por los siguientes t\u00e9rminos y condiciones de uso. Si usted no est\u00e1 de acuerdo con estos t\u00e9rminos, por favor no utilice el sitio.<\/p><p class=\"p1\"><b>2. Modificaciones a los T\u00e9rminos<\/b><\/p><p class=\"p3\">Loreto Studios se reserva el derecho de modificar estos t\u00e9rminos en cualquier momento. Los cambios entrar\u00e1n en vigor inmediatamente despu\u00e9s de su publicaci\u00f3n en el sitio web. Es su responsabilidad revisar peri\u00f3dicamente los t\u00e9rminos para estar al tanto de cualquier modificaci\u00f3n.<\/p><p class=\"p1\"><b>3. Uso del Sitio<\/b><\/p><p class=\"p4\"><b>3.1. Requisitos de edad<\/b><\/p><p class=\"p3\">El uso de este sitio est\u00e1 permitido solo a personas mayores de 18 a\u00f1os. Al utilizar el sitio, usted garantiza que tiene al menos 18 a\u00f1os de edad.<\/p><p class=\"p4\"><b>3.2. Cumplimiento de las leyes<\/b><\/p><p class=\"p3\">Usted acepta utilizar el Sitio de acuerdo con todas las leyes y regulaciones aplicables. Cualquier uso del sitio con fines ilegales o no autorizados est\u00e1 estrictamente prohibido.<\/p><p class=\"p1\"><b>4. Propiedad intelectual<\/b><\/p><p class=\"p4\"><b>4.1. Contenido<\/b><\/p><p class=\"p3\">Todo el contenido del sitio, incluidos, entre otros, texto, gr\u00e1ficos, logotipos, iconos, im\u00e1genes y software, es propiedad de Loreto Studios o sus licenciantes y est\u00e1 protegido por derechos de autor y otras leyes de propiedad intelectual.<\/p><p class=\"p4\"><b>4.2. Uso limitado<\/b><\/p><p class=\"p3\">Puede ver, descargar e imprimir partes del contenido del Sitio solo para uso personal y no comercial, siempre que mantenga intactos todos los avisos de derechos de autor y otros avisos de propiedad.<\/p><p class=\"p1\"><b>5. Pol\u00edtica de privacidad<\/b><\/p><p class=\"p3\">Su privacidad es importante para nosotros. Por favor, consulte nuestra <a href=\"https:\/\/estudiosloreto.pt\/politica-de-privacidade\/\">Pol\u00edtica de privacidad<\/a> Para obtener informaci\u00f3n detallada sobre c\u00f3mo recopilamos, usamos y protegemos su informaci\u00f3n personal.<\/p><p class=\"p1\"><b>6. Limitaci\u00f3n de responsabilidad<\/b><\/p><p class=\"p3\">Estudios Loreto no ser\u00e1 responsable de ning\u00fan da\u00f1o directo, indirecto, incidental, especial o consecuente que surja del uso o la imposibilidad de usar el sitio web o cualquier contenido, servicio o producto obtenido a trav\u00e9s del sitio web.<\/p><p class=\"p1\"><b>7. Enlaces a sitios de terceros<\/b><\/p><p class=\"p3\">El sitio puede contener enlaces a sitios de terceros. Estos enlaces se proporcionan solo para su conveniencia. Loreto Studios no respalda el contenido de dichos sitios de terceros y no es responsable del contenido o las pr\u00e1cticas de privacidad de dichos sitios.<\/p><p class=\"p1\"><b>8. Resoluci\u00f3n alternativa de litigios<\/b><\/p><p class=\"p3\">En caso de litigio entre consumidores, el consumidor podr\u00e1 recurrir a la siguiente entidad de resoluci\u00f3n alternativa de litigios:<\/p><p class=\"p3\">Centro de Informaci\u00f3n, Mediaci\u00f3n y Arbitraje de Conflictos de Consumidores del Algarve<\/p><p class=\"p3\">Direcci\u00f3n: Edificio Business Nest, Estrada da Penha, 8005-131 Faro<\/p><p class=\"p3\">Tel\u00e9fono: 289 823 135<\/p><p class=\"p3\">Correo electr\u00f3nico: Topalgarve@gmail.com<\/p><p class=\"p3\">Sitio web: <a href=\"http:\/\/www.consumidoronline.pt\/\">www.consumidoronline.pt<\/a><\/p><p class=\"p3\">M\u00e1s informaci\u00f3n en el Portal del Consumidor <a href=\"https:\/\/www.consumidor.pt\">www.consumidor.pt<\/a><\/p><p class=\"p1\"><b>9. Terminaci\u00f3n<\/b><\/p><p class=\"p3\">Estudios Loreto se reserva el derecho, a su entera discreci\u00f3n, de terminar o suspender su acceso al sitio, sin previo aviso, por cualquier raz\u00f3n, incluyendo, pero no limitado a, la violaci\u00f3n de estos t\u00e9rminos.<\/p><p class=\"p1\"><b>10. Legislaci\u00f3n aplicable<\/b><\/p><p class=\"p3\">Estos t\u00e9rminos y condiciones se rigen e interpretan de acuerdo con las leyes de Portugal. Usted acepta que cualquier acci\u00f3n legal o disputa relacionada con estos t\u00e9rminos se tratar\u00e1 exclusivamente en los tribunales de Portugal.<\/p><p class=\"p1\"><b>11. Contacto<\/b><\/p><p class=\"p3\">Si tiene alguna pregunta sobre estos t\u00e9rminos, cont\u00e1ctenos en: reservas@elementourbano.com.<\/p><p class=\"p3\">Aseg\u00farese de ajustar los detalles seg\u00fan sea necesario y agregar enlaces relevantes, como el enlace a la Pol\u00edtica de privacidad. Adem\u00e1s, se recomienda encarecidamente que los t\u00e9rminos y condiciones sean revisados por un abogado especializado en derecho digital y comercio electr\u00f3nico para garantizar el pleno cumplimiento legal.<\/p><p><b>11. Licencia de Alojamiento Local<\/b><\/p><p>RNET:<b data-removefontsize=\"true\" data-originalcomputedfontsize=\"13.333333\">166393\/AL<\/b><\/p>\t\t\t\t\t\t\t\t<\/div>\n\t\t\t\t<\/div>\n\t\t\t\t\t<\/div>\n\t\t\t\t<\/div>\n\t\t\t\t<\/div>","protected":false},"excerpt":{"rendered":"<p>1. Aceita\u00e7\u00e3o dos Termos Ao acessar e utilizar o site estudiosloreto.pt, voc\u00ea concorda em cumprir e estar vinculado aos seguintes termos e condi\u00e7\u00f5es de uso. Se voc\u00ea n\u00e3o concorda com estes termos, por favor, n\u00e3o utilize o site. 2. Modifica\u00e7\u00f5es nos Termos Est\u00fadios Loreto reserva-se o direito de modificar estes termos a qualquer momento. As [&hellip;]<\/p>","protected":false},"author":1,"featured_media":133,"parent":0,"menu_order":0,"comment_status":"closed","ping_status":"closed","template":"","meta":{"footnotes":""},"class_list":["post-337","page","type-page","status-publish","has-post-thumbnail","hentry"],"_links":{"self":[{"href":"https:\/\/estudiosloreto.pt\/es\/wp-json\/wp\/v2\/pages\/337","targetHints":{"allow":["GET"]}}],"collection":[{"href":"https:\/\/estudiosloreto.pt\/es\/wp-json\/wp\/v2\/pages"}],"about":[{"href":"https:\/\/estudiosloreto.pt\/es\/wp-json\/wp\/v2\/types\/page"}],"author":[{"embeddable":true,"href":"https:\/\/estudiosloreto.pt\/es\/wp-json\/wp\/v2\/users\/1"}],"replies":[{"embeddable":true,"href":"https:\/\/estudiosloreto.pt\/es\/wp-json\/wp\/v2\/comments?post=337"}],"version-history":[{"count":7,"href":"https:\/\/estudiosloreto.pt\/es\/wp-json\/wp\/v2\/pages\/337\/revisions"}],"predecessor-version":[{"id":363,"href":"https:\/\/estudiosloreto.pt\/es\/wp-json\/wp\/v2\/pages\/337\/revisions\/363"}],"wp:featuredmedia":[{"embeddable":true,"href":"https:\/\/estudiosloreto.pt\/es\/wp-json\/wp\/v2\/media\/133"}],"wp:attachment":[{"href":"https:\/\/estudiosloreto.pt\/es\/wp-json\/wp\/v2\/media?parent=337"}],"curies":[{"name":"wp","href":"https:\/\/api.w.org\/{rel}","templated":true}]}}