{"id":326,"date":"2025-06-12T23:05:47","date_gmt":"2025-06-12T23:05:47","guid":{"rendered":"https:\/\/estudiosloreto.pt\/?page_id=326"},"modified":"2025-06-12T23:11:13","modified_gmt":"2025-06-12T23:11:13","slug":"politica-de-privacidade","status":"publish","type":"page","link":"https:\/\/estudiosloreto.pt\/es\/politica-de-privacidade\/","title":{"rendered":"Pol\u00edtica de privacidad"},"content":{"rendered":"<div data-elementor-type=\"wp-page\" data-elementor-id=\"326\" class=\"elementor elementor-326\" data-elementor-post-type=\"page\">\n\t\t\t\t<div class=\"elementor-element elementor-element-b1fe3db e-flex e-con-boxed e-con e-parent\" data-id=\"b1fe3db\" data-element_type=\"container\" data-e-type=\"container\" data-settings=\"{&quot;background_background&quot;:&quot;classic&quot;,&quot;jet_parallax_layout_list&quot;:[]}\">\n\t\t\t\t\t<div class=\"e-con-inner\">\n\t\t\t\t\t<\/div>\n\t\t\t\t<\/div>\n\t\t<div class=\"elementor-element elementor-element-f66589a e-flex e-con-boxed e-con e-parent\" data-id=\"f66589a\" data-element_type=\"container\" data-e-type=\"container\" data-settings=\"{&quot;jet_parallax_layout_list&quot;:[]}\">\n\t\t\t\t\t<div class=\"e-con-inner\">\n\t\t\t\t<div class=\"elementor-element elementor-element-fe7d6b3 elementor-widget elementor-widget-heading\" data-id=\"fe7d6b3\" data-element_type=\"widget\" data-e-type=\"widget\" data-widget_type=\"heading.default\">\n\t\t\t\t<div class=\"elementor-widget-container\">\n\t\t\t\t\t<h1 class=\"elementor-heading-title elementor-size-default\">Pol\u00edtica de privacidad<\/h1>\t\t\t\t<\/div>\n\t\t\t\t<\/div>\n\t\t\t\t<div class=\"elementor-element elementor-element-dbddd5a elementor-widget elementor-widget-text-editor\" data-id=\"dbddd5a\" data-element_type=\"widget\" data-e-type=\"widget\" data-widget_type=\"text-editor.default\">\n\t\t\t\t<div class=\"elementor-widget-container\">\n\t\t\t\t\t\t\t\t\t<p>La confidencialidad en la informaci\u00f3n personal de nuestros clientes es fundamental y un compromiso de la empresa.<\/p><p><strong>1. Recopilaci\u00f3n y tratamiento de datos de los usuarios<\/strong><\/p><p>Existen varias circunstancias en las que solicitamos datos personales a un usuario (\u00abUsuario\u00bb) del sitio web alojado en www.estudiosloreto.pt (\u00abSitio web\u00bb), es decir, informaci\u00f3n que permite la identificaci\u00f3n del Usuario y sus datos de contacto (\u00abDatos personales\u00bb): cuando realiza una reserva, cuando se registra en nuestro sitio web, se suscribe al bolet\u00edn informativo, se convierte en miembro de nuestros programas de lealtad, nos env\u00eda un contacto para una solicitud de conferencia o evento para su empresa, o cuando nos env\u00eda el formulario de solicitud espont\u00e1neo o solicitado. Los Datos Personales recopilados y procesados consisten en informaci\u00f3n sobre nombre, direcci\u00f3n de correo electr\u00f3nico, sexo, fecha de nacimiento, direcci\u00f3n, n\u00famero de tel\u00e9fono, informaci\u00f3n de tarjeta de cr\u00e9dito y n\u00famero de documento de identificaci\u00f3n.<br \/>As\u00ed, la entidad responsable de la recogida de Datos Personales es Algarpr\u00e9dio - Sociedade de Gest\u00e3o Imobili\u00e1ria, Lda con sede en Urbaniza\u00e7\u00e3o Ria Formosa, 12, 8700-121 Fuseta y con n\u00famero de IVA 503 310 352.<\/p><p><strong>2. Uso y finalidades del tratamiento de los datos del Usuario<\/strong><\/p><p>Identificamos informaci\u00f3n t\u00e9cnica de su computadora cuando visita las p\u00e1ginas de nuestro sitio web, como IP (Protocolo de Internet), el sistema operativo y el tipo de navegador (\"Informaci\u00f3n de Usabilidad\"). Utilizamos esta informaci\u00f3n para mejorar la calidad de su visita a nuestro sitio web, y no la divulgaremos a terceros sin su consentimiento.<br \/>La Informaci\u00f3n de usabilidad y los Datos personales se denominan en esta Pol\u00edtica de privacidad como \"Datos del usuario\".<\/p><p><strong>3. Acceso a los datos personales<\/strong><\/p><p>La empresa garantiza los medios que permiten al Usuario acceder a sus Datos Personales. Si desea acceder a sus Datos Personales, debe ponerse en contacto con la empresa en los t\u00e9rminos descritos aqu\u00ed.<\/p><p><strong>4. Rectificaci\u00f3n de Datos Personales<\/strong><\/p><p>El Usuario tiene derecho a solicitar, en cualquier momento, la rectificaci\u00f3n de sus Datos Personales, ya sea a trav\u00e9s de su Cuenta de Usuario, o, en particular, en los t\u00e9rminos de la Pol\u00edtica de Privacidad.<\/p><p><strong>5. Seguridad de los datos del usuario<\/strong><\/p><p>Para garantizar la seguridad de los Datos del Usuario y la m\u00e1xima confidencialidad, tratamos la informaci\u00f3n que nos ha proporcionado de manera absolutamente confidencial, de acuerdo con nuestras pol\u00edticas y procedimientos internos de seguridad y confidencialidad.<br \/>Cada vez que se le solicita informaci\u00f3n de tarjeta de cr\u00e9dito, esta comunicaci\u00f3n se realiza a trav\u00e9s de la l\u00ednea segura SSL (Secured Sockets Layer), cuando est\u00e1 utilizando navegadores que permiten SSL, como Microsoft Internet Explorer o Netscape Navigator.<br \/>Tambi\u00e9n utilizaremos SSL en todas las p\u00e1ginas donde se le solicite informaci\u00f3n personal, lo que significa que su informaci\u00f3n se enviar\u00e1 a trav\u00e9s de Internet en forma cifrada. Puedes comprobar que est\u00e1s en modo seguro cuando veas un icono de candado o llave en la esquina inferior derecha o inferior izquierda de la pantalla. Adem\u00e1s, puede ver que los primeros caracteres de la URL del sitio web ser\u00e1n \u00abhttps\u00bb, lo que indica que est\u00e1 accediendo a un servidor seguro.<br \/>Sin embargo, los Datos del Usuario pueden circular por la red sin condiciones de seguridad, y pueden ser vistos y \/ o utilizados por terceros no autorizados para este fin. Si esto ocurre, la empresa no es responsable del robo, destrucci\u00f3n o difusi\u00f3n de los Datos del Usuario.<\/p><p><strong>6. Uso de Cookies<\/strong><\/p><p>Cuando visita nuestro sitio web, se crea un peque\u00f1o archivo de texto (Cookie) y se guarda en el disco de su computadora. Este archivo, al reconocerte, te permitir\u00e1 una mayor facilidad y rapidez en el acceso, as\u00ed como la personalizaci\u00f3n del Sitio Web seg\u00fan tus preferencias.<br \/>La mayor\u00eda de los navegadores aceptan autom\u00e1ticamente estos archivos (cookies), pero puede eliminarlos o configurar autom\u00e1ticamente su bloqueo. En el men\u00fa \u00abAyuda\u00bb de su navegador encontrar\u00e1 c\u00f3mo realizar estos ajustes. Sin embargo, si no permite el uso de cookies, puede haber algunas caracter\u00edsticas que no puede usar.<\/p><p><strong>7. Cambios en la pol\u00edtica de privacidad<\/strong><\/p><p>La empresa se reserva el derecho de cambiar la Pol\u00edtica de Privacidad en cualquier momento. En caso de modificaci\u00f3n de la Pol\u00edtica de Privacidad, tambi\u00e9n se actualiza la fecha del \u00faltimo cambio, disponible en la parte superior de esta p\u00e1gina. Si el cambio es sustancial, tambi\u00e9n se puede publicar un aviso en el sitio web.<\/p><p><strong>8. Contacto y derecho de salida<\/strong><\/p><p>Si desea hacer preguntas \/ quejas relacionadas con la Pol\u00edtica de privacidad; rectificar sus datos personales; dejar de recibir correspondencia comercial, incluidos los correos electr\u00f3nicos de la empresa; o retirar su consentimiento para el intercambio de sus Datos Personales con terceros, puede hacerlo enviando un correo electr\u00f3nico a reservas@elementourbano.com.<\/p><p><strong>9. Legislaci\u00f3n aplicable y foro<\/strong><\/p><p>La Pol\u00edtica de Privacidad, as\u00ed como la recopilaci\u00f3n, procesamiento o transmisi\u00f3n de Datos de Usuario, se rigen por las leyes aplicables de la Rep\u00fablica de Portugal.<br \/>Cualquier disputa que surja de la validez, interpretaci\u00f3n o ejecuci\u00f3n de la Pol\u00edtica de Privacidad, o que est\u00e9 relacionada con la recopilaci\u00f3n, procesamiento o transmisi\u00f3n de Datos del Usuario, deber\u00e1 someterse exclusivamente a la jurisdicci\u00f3n de los tribunales judiciales del distrito de Lisboa, sin perjuicio de las normas legales obligatorias aplicables.<\/p><p><strong>10. Enlaces<\/strong><\/p><p>El portal de\u00a0<strong>www.estudiosloreto.pt<\/strong>\u00a0permite el acceso a otros sitios web gestionados y controlados por terceros a trav\u00e9s de diferentes enlaces para facilitar a los usuarios la b\u00fasqueda de informaci\u00f3n, contenidos y servicios de Internet, sin que en ning\u00fan caso se considere una recomendaci\u00f3n o invitaci\u00f3n a visitarlos.<br \/>La realizaci\u00f3n de un hiperenlace desde una p\u00e1gina web de otro portal de Internet a cualquiera de las p\u00e1ginas del portal de paraty.es deber\u00e1 estar sujeta a las siguientes condiciones:<br \/>\u2013 Cualquier hiperenlace al Sitio Web ser\u00e1 a su p\u00e1gina principal o a las p\u00e1ginas principales de las secciones que contiene.<br \/>\u2013 En ning\u00fan caso se podr\u00e1n reproducir los servicios o contenidos del portal de la empresa.<br \/>\u2013 La p\u00e1gina web en la que se establezca el hiperenlace no contendr\u00e1 informaci\u00f3n o contenidos il\u00edcitos, contrarios a la moral, a las buenas costumbres o al orden p\u00fablico, ni proporcionar\u00e1 contenidos contrarios a cualquier derecho de terceros.<br \/>\u2013 No se realizar\u00e1n manifestaciones falsas, inexactas o incorrectas sobre las p\u00e1ginas del portal o sobre los servicios o contenidos del portal.<br \/>\u2013 No se establecer\u00e1n deep-links, IMG o enlaces de imagen o frames con las p\u00e1ginas del sitio web paraty.es sin la previa autorizaci\u00f3n expresa de la empresa.<br \/>El establecimiento del hiperenlace no implicar\u00e1 la existencia de relaciones entre la empresa y el titular del sitio web o del sitio web desde el que se realice, ni que la empresa haya autorizado el hiperenlace o supervisado, conocido, aceptado o asumido los servicios y contenidos ofrecidos en este sitio web.<\/p>\t\t\t\t\t\t\t\t<\/div>\n\t\t\t\t<\/div>\n\t\t\t\t\t<\/div>\n\t\t\t\t<\/div>\n\t\t\t\t<\/div>","protected":false},"excerpt":{"rendered":"<p>A confidencialidade na informa\u00e7\u00e3o pessoal dos nossos clientes \u00e9 fundamental e um compromisso da empresa. 1. Recolha e tratamento de dados do utilizador S\u00e3o v\u00e1rias as circunst\u00e2ncias em que solicitamos dados pessoais de um utilizador (\u201cUtilizador\u201d) do website alojado no www.estudiosloreto.pt (\u201cWebsite\u201d), isto \u00e9, informa\u00e7\u00f5es que permitam a identifica\u00e7\u00e3o do Utilizador e os seus detalhes [&hellip;]<\/p>","protected":false},"author":1,"featured_media":144,"parent":0,"menu_order":0,"comment_status":"closed","ping_status":"closed","template":"","meta":{"footnotes":""},"class_list":["post-326","page","type-page","status-publish","has-post-thumbnail","hentry"],"_links":{"self":[{"href":"https:\/\/estudiosloreto.pt\/es\/wp-json\/wp\/v2\/pages\/326","targetHints":{"allow":["GET"]}}],"collection":[{"href":"https:\/\/estudiosloreto.pt\/es\/wp-json\/wp\/v2\/pages"}],"about":[{"href":"https:\/\/estudiosloreto.pt\/es\/wp-json\/wp\/v2\/types\/page"}],"author":[{"embeddable":true,"href":"https:\/\/estudiosloreto.pt\/es\/wp-json\/wp\/v2\/users\/1"}],"replies":[{"embeddable":true,"href":"https:\/\/estudiosloreto.pt\/es\/wp-json\/wp\/v2\/comments?post=326"}],"version-history":[{"count":7,"href":"https:\/\/estudiosloreto.pt\/es\/wp-json\/wp\/v2\/pages\/326\/revisions"}],"predecessor-version":[{"id":336,"href":"https:\/\/estudiosloreto.pt\/es\/wp-json\/wp\/v2\/pages\/326\/revisions\/336"}],"wp:featuredmedia":[{"embeddable":true,"href":"https:\/\/estudiosloreto.pt\/es\/wp-json\/wp\/v2\/media\/144"}],"wp:attachment":[{"href":"https:\/\/estudiosloreto.pt\/es\/wp-json\/wp\/v2\/media?parent=326"}],"curies":[{"name":"wp","href":"https:\/\/api.w.org\/{rel}","templated":true}]}}