{"id":278,"date":"2025-06-10T20:56:57","date_gmt":"2025-06-10T20:56:57","guid":{"rendered":"https:\/\/estudiosloreto.pt\/?page_id=278"},"modified":"2025-06-12T23:10:48","modified_gmt":"2025-06-12T23:10:48","slug":"politica-de-cookies","status":"publish","type":"page","link":"https:\/\/estudiosloreto.pt\/es\/politica-de-cookies\/","title":{"rendered":"Pol\u00edtica de Cookies"},"content":{"rendered":"<div data-elementor-type=\"wp-page\" data-elementor-id=\"278\" class=\"elementor elementor-278\" data-elementor-post-type=\"page\">\n\t\t\t\t<div class=\"elementor-element elementor-element-66825af e-flex e-con-boxed e-con e-parent\" data-id=\"66825af\" data-element_type=\"container\" data-e-type=\"container\" data-settings=\"{&quot;background_background&quot;:&quot;classic&quot;,&quot;jet_parallax_layout_list&quot;:[]}\">\n\t\t\t\t\t<div class=\"e-con-inner\">\n\t\t\t\t\t<\/div>\n\t\t\t\t<\/div>\n\t\t<div class=\"elementor-element elementor-element-a1a06c0 e-flex e-con-boxed e-con e-parent\" data-id=\"a1a06c0\" data-element_type=\"container\" data-e-type=\"container\" data-settings=\"{&quot;jet_parallax_layout_list&quot;:[]}\">\n\t\t\t\t\t<div class=\"e-con-inner\">\n\t\t\t\t<div class=\"elementor-element elementor-element-ae305c3 elementor-widget elementor-widget-heading\" data-id=\"ae305c3\" data-element_type=\"widget\" data-e-type=\"widget\" data-widget_type=\"heading.default\">\n\t\t\t\t<div class=\"elementor-widget-container\">\n\t\t\t\t\t<h1 class=\"elementor-heading-title elementor-size-default\">Pol\u00edtica de Cookies<\/h1>\t\t\t\t<\/div>\n\t\t\t\t<\/div>\n\t\t\t\t<div class=\"elementor-element elementor-element-198b24b elementor-widget elementor-widget-text-editor\" data-id=\"198b24b\" data-element_type=\"widget\" data-e-type=\"widget\" data-widget_type=\"text-editor.default\">\n\t\t\t\t<div class=\"elementor-widget-container\">\n\t\t\t\t\t\t\t\t\t<p><strong>Cookies de sesi\u00f3n:\u00a0<\/strong>Las cookies de sesi\u00f3n duran solo durante la visita y se eliminan cuando el usuario cierra el navegador. Su objetivo principal es identificar el tipo de dispositivo, garantizar la seguridad del sitio web o su funcionalidad b\u00e1sica. No contienen informaci\u00f3n personal que identifique a una persona.<\/p><p><strong>Cookies persistentes o permanentes:<\/strong>\u00a0se almacenan en el disco duro del dispositivo, que el sitio web lee cada vez que el usuario realiza una nueva visita; tener una fecha de caducidad espec\u00edfica o una fecha de caducidad. Permiten identificar las acciones y preferencias del usuario; Analizar las visitas y ayudar a comprender c\u00f3mo llegan los usuarios al sitio web y mejorar los servicios que ofrece.<\/p><p><strong>Cookies de funcionalidad:\u00a0<\/strong>Permiten recordar las decisiones tomadas por el usuario, como el inicio de sesi\u00f3n o el registro. La informaci\u00f3n en estas cookies es an\u00f3nima (es decir, no contiene nombre, direcci\u00f3n u otra informaci\u00f3n personal).<\/p><p><strong>Cookies de terceros:\u00a0<\/strong>Las cookies de terceros son cookies que se instalan en un sitio web que no es el que el usuario est\u00e1 visitando, como las utilizadas por redes sociales (como Facebook) o suplementos de contenido externos (como Google Maps).<\/p><p><strong>Cookies anal\u00edticas:<\/strong>\u00a0son cookies que tienen como objetivo el mantenimiento peri\u00f3dico para garantizar el mejor funcionamiento y servicio al usuario; Recopilan datos de su actividad.<\/p><p><strong>Uso de cookies por parte de Estudios Loreto<\/strong><\/p><table border=\"1\"><tbody><tr><td>Nombre<\/td><td>Propios o terceros<\/td><td>Duraci\u00f3n<\/td><td>Objetivo<\/td><\/tr><tr><td>cookie_alert<\/td><td>Tiene<\/td><td>Duraci\u00f3n del actual per\u00edodo de sesiones<\/td><td>Mostrar advertencia de cookies solo una vez por sesi\u00f3n<\/td><\/tr><tr><td>popup_faldon<\/td><td>Tiene<\/td><td>Duraci\u00f3n del actual per\u00edodo de sesiones<\/td><td>Mostrar una oferta emergente una vez por sesi\u00f3n (solo cuando hay una ventana emergente de ofertas)<\/td><\/tr><tr><td>_utma<\/td><td>Google Analytics<\/td><td>2 a\u00f1os<\/td><td>Se utiliza para diferenciar entre usuarios y sesiones<\/td><\/tr><tr><td>_utmb<\/td><td>Google Analytics<\/td><td>10 minutos desde la creaci\u00f3n o modificaci\u00f3n<\/td><td>Se utiliza para averiguar si hay una nueva sesi\u00f3n o visita<\/td><\/tr><tr><td>_utmc<\/td><td>Google Analytics<\/td><td>Al final de la sesi\u00f3n<\/td><td>Se utiliza para facilitar la funcionalidad con la biblioteca urchin.js.<\/td><\/tr><tr><td>_utmz<\/td><td>Google Analytics<\/td><td>6 meses<\/td><td>Guarda la fuente de tr\u00e1fico o campa\u00f1a que explica c\u00f3mo el usuario llega al sitio web<\/td><\/tr><tr><td>_utmt<\/td><td>Google Analytics<\/td><td>Al final de la sesi\u00f3n<\/td><td>Se utiliza para definir el tipo de solicitud de usuario y para establecer estad\u00edsticas de uso de la p\u00e1gina<\/td><\/tr><tr><td>DoubleClick<\/td><td>Anuncios de Google<\/td><td>Al final de la sesi\u00f3n<\/td><td>El contenido del segmento ser\u00e1 relevante para los usuarios<\/td><\/tr><\/tbody><\/table><table border=\"1\"><tbody><tr><td>Nombre<\/td><td>Informaci\u00f3n tratada<\/td><td>Finalidad<\/td><\/tr><tr><td>Estrictamente necesario<\/td><td>Sesi\u00f3n de usuario, detalles de registro, reservas<\/td><td>Gesti\u00f3n de registro y mantenimiento de sesiones de usuario, personalizaci\u00f3n de la navegaci\u00f3n, balance de carga<\/td><\/tr><tr><td>Google Analytics<\/td><td>Sitios web visitados, frecuencia, n\u00famero y repetici\u00f3n de visitas, tiempo de navegaci\u00f3n, b\u00fasquedas realizadas, enlaces accedidos, navegador utilizado, operador que presta el servicio, ubicaci\u00f3n vinculada a la direcci\u00f3n IP<\/td><td>Medir y analizar la navegaci\u00f3n del usuario, monitorear y analizar el comportamiento del usuario, crear perfiles de navegaci\u00f3n de usuario an\u00f3nimos e introducir mejoras basadas en el an\u00e1lisis de los datos de uso del usuario<\/td><\/tr><tr><td>Anuncios de Google<\/td><td>Direcci\u00f3n IP, b\u00fasquedas realizadas, enlaces accedidos y anuncios accedidos<\/td><td>Mostrar los productos que mejor se adaptan a las necesidades del usuario, segmentar el p\u00fablico objetivo, medir resultados, presupuestos flexibles y detectar nuevos mercados<\/td><\/tr><\/tbody><\/table><p>Al acceder al sitio web, el usuario acepta expresamente el uso de este tipo de cookies en sus dispositivos. Sin embargo, si deshabilita las cookies, esto no afectar\u00e1 la navegaci\u00f3n en nuestros sitios web.<\/p><p><strong>Configuraci\u00f3n del usuario para evitar las cookies<\/strong><\/p><p>Al navegar y continuar en nuestro sitio web, usted consiente el uso de cookies en el sitio web, as\u00ed como las condiciones contenidas en esta \"Pol\u00edtica de Cookies\". Estudios Loreto proporciona acceso a esta \"Pol\u00edtica de Cookies\" en el momento del acceso por primera vez, con el objetivo de informar al usuario, y sin perjuicio de que el usuario pueda ejercer su derecho a bloquear, eliminar y rechazar el uso de cookies en cualquier momento.<\/p><p>En cualquier caso, le informamos que las cookies que no son necesarias para el uso de nuestro sitio web pueden ser bloqueadas o desactivadas, activando la configuraci\u00f3n de su navegador que le permite rechazar la instalaci\u00f3n de todas las cookies o algunas de ellas. La mayor\u00eda de los navegadores le permiten notificar la presencia de cookies o rechazarlas autom\u00e1ticamente. Si el usuario los rechaza, puede continuar utilizando el sitio web, aunque el uso de algunos de sus servicios puede ser limitado y, por lo tanto, la experiencia en el sitio web menos satisfactoria.<\/p><p>La informaci\u00f3n sobre c\u00f3mo configurar su navegador o navegadores de Internet para mantener su privacidad y seguridad en relaci\u00f3n con las cookies se puede encontrar en los sitios web de soporte oficial de los principales navegadores. Con este soporte, el usuario puede bloquear las cookies a trav\u00e9s de las herramientas de configuraci\u00f3n del navegador o configurarlo para notificarle cuando un servidor desea guardar una cookie.<\/p><p><strong>Informaci\u00f3n de contacto<\/strong><\/p><p>Cualquier pregunta o inquietud sobre esta pol\u00edtica sobre el uso de cookies puede enviarse por escrito a la siguiente direcci\u00f3n de correo electr\u00f3nico: reservas@elementourbano.com<\/p>\t\t\t\t\t\t\t\t<\/div>\n\t\t\t\t<\/div>\n\t\t\t\t\t<\/div>\n\t\t\t\t<\/div>\n\t\t\t\t<\/div>","protected":false},"excerpt":{"rendered":"<p>Cookies de sess\u00e3o:\u00a0as cookies de sess\u00e3o duram apenas a dura\u00e7\u00e3o da visita e s\u00e3o exclu\u00eddas quando o usu\u00e1rio fecha o navegador. O seu principal objetivo \u00e9 identificar o tipo de dispositivo, assegurar a seguran\u00e7a do website ou a sua funcionalidade b\u00e1sica. N\u00e3o cont\u00eam informa\u00e7\u00f5es pessoais que identifiquem uma pessoa. Cookies persistentes ou permanentes:\u00a0s\u00e3o armazenadas no [&hellip;]<\/p>","protected":false},"author":1,"featured_media":148,"parent":0,"menu_order":0,"comment_status":"closed","ping_status":"closed","template":"","meta":{"footnotes":""},"class_list":["post-278","page","type-page","status-publish","has-post-thumbnail","hentry"],"_links":{"self":[{"href":"https:\/\/estudiosloreto.pt\/es\/wp-json\/wp\/v2\/pages\/278","targetHints":{"allow":["GET"]}}],"collection":[{"href":"https:\/\/estudiosloreto.pt\/es\/wp-json\/wp\/v2\/pages"}],"about":[{"href":"https:\/\/estudiosloreto.pt\/es\/wp-json\/wp\/v2\/types\/page"}],"author":[{"embeddable":true,"href":"https:\/\/estudiosloreto.pt\/es\/wp-json\/wp\/v2\/users\/1"}],"replies":[{"embeddable":true,"href":"https:\/\/estudiosloreto.pt\/es\/wp-json\/wp\/v2\/comments?post=278"}],"version-history":[{"count":20,"href":"https:\/\/estudiosloreto.pt\/es\/wp-json\/wp\/v2\/pages\/278\/revisions"}],"predecessor-version":[{"id":457,"href":"https:\/\/estudiosloreto.pt\/es\/wp-json\/wp\/v2\/pages\/278\/revisions\/457"}],"wp:featuredmedia":[{"embeddable":true,"href":"https:\/\/estudiosloreto.pt\/es\/wp-json\/wp\/v2\/media\/148"}],"wp:attachment":[{"href":"https:\/\/estudiosloreto.pt\/es\/wp-json\/wp\/v2\/media?parent=278"}],"curies":[{"name":"wp","href":"https:\/\/api.w.org\/{rel}","templated":true}]}}