{"id":337,"date":"2025-06-12T23:13:30","date_gmt":"2025-06-12T23:13:30","guid":{"rendered":"https:\/\/estudiosloreto.pt\/?page_id=337"},"modified":"2025-06-18T23:43:23","modified_gmt":"2025-06-18T23:43:23","slug":"termos-e-condicoes","status":"publish","type":"page","link":"https:\/\/estudiosloreto.pt\/en\/termos-e-condicoes\/","title":{"rendered":"Terms and Conditions"},"content":{"rendered":"<div data-elementor-type=\"wp-page\" data-elementor-id=\"337\" class=\"elementor elementor-337\" data-elementor-post-type=\"page\">\n\t\t\t\t<div class=\"elementor-element elementor-element-0ba946f e-flex e-con-boxed e-con e-parent\" data-id=\"0ba946f\" data-element_type=\"container\" data-e-type=\"container\" data-settings=\"{&quot;background_background&quot;:&quot;classic&quot;,&quot;jet_parallax_layout_list&quot;:[]}\">\n\t\t\t\t\t<div class=\"e-con-inner\">\n\t\t\t\t\t<\/div>\n\t\t\t\t<\/div>\n\t\t<div class=\"elementor-element elementor-element-2730a68 e-flex e-con-boxed e-con e-parent\" data-id=\"2730a68\" data-element_type=\"container\" data-e-type=\"container\" data-settings=\"{&quot;jet_parallax_layout_list&quot;:[]}\">\n\t\t\t\t\t<div class=\"e-con-inner\">\n\t\t\t\t<div class=\"elementor-element elementor-element-39d32ce elementor-widget elementor-widget-heading\" data-id=\"39d32ce\" data-element_type=\"widget\" data-e-type=\"widget\" data-widget_type=\"heading.default\">\n\t\t\t\t<div class=\"elementor-widget-container\">\n\t\t\t\t\t<h1 class=\"elementor-heading-title elementor-size-default\">Terms and Conditions<\/h1>\t\t\t\t<\/div>\n\t\t\t\t<\/div>\n\t\t\t\t<div class=\"elementor-element elementor-element-1792da1 elementor-widget elementor-widget-text-editor\" data-id=\"1792da1\" data-element_type=\"widget\" data-e-type=\"widget\" data-widget_type=\"text-editor.default\">\n\t\t\t\t<div class=\"elementor-widget-container\">\n\t\t\t\t\t\t\t\t\t<p class=\"p1\"><b>1. Acceptance of Terms<\/b><\/p><p class=\"p3\">By accessing and using the estudiosloreto.pt website, you agree to comply with and be bound by the following terms and conditions of use. If you do not agree to these terms, please do not use the site.<\/p><p class=\"p1\"><b>2. Modifications to the Terms<\/b><\/p><p class=\"p3\">Loreto Studios reserves the right to modify these terms at any time. The changes will take effect immediately after publication on the website. It is your responsibility to periodically review the terms to be aware of any modifications.<\/p><p class=\"p1\"><b>3. Use of the Site<\/b><\/p><p class=\"p4\"><b>3.1. Age Requirements<\/b><\/p><p class=\"p3\">Use of this site is permitted only to individuals 18 years of age or older. By using the site, you warrant that you are at least 18 years of age.<\/p><p class=\"p4\"><b>3.2. Compliance with Laws<\/b><\/p><p class=\"p3\">You agree to use the Site in accordance with all applicable laws and regulations. Any use of the site for illegal or unauthorized purposes is strictly prohibited.<\/p><p class=\"p1\"><b>4. Intellectual Property<\/b><\/p><p class=\"p4\"><b>4.1. Content<\/b><\/p><p class=\"p3\">All content on the site, including, but not limited to, text, graphics, logos, icons, images and software, is owned by Loreto Studios or its licensors and is protected by copyright and other intellectual property laws.<\/p><p class=\"p4\"><b>4.2. Limited use<\/b><\/p><p class=\"p3\">You may view, download and print portions of the Site's content for personal, non-commercial use only, provided that you keep intact all copyright and other proprietary notices.<\/p><p class=\"p1\"><b>5. Privacy Policy<\/b><\/p><p class=\"p3\">Your privacy is important to us. Please consult our <a href=\"https:\/\/estudiosloreto.pt\/politica-de-privacidade\/\">Privacy Policy<\/a> to obtain detailed information about how we collect, use and protect your personal information.<\/p><p class=\"p1\"><b>6. Limitation of Liability<\/b><\/p><p class=\"p3\">Estudios Loreto shall not be liable for any direct, indirect, incidental, special or consequential damages arising from the use or inability to use the website or any content, service or product obtained through the website.<\/p><p class=\"p1\"><b>7. Links to Third Party Sites<\/b><\/p><p class=\"p3\">The site may contain links to third-party sites. These links are provided for your convenience only. Loreto Studios does not endorse the content of such third-party sites and is not responsible for the content or privacy practices of such sites.<\/p><p class=\"p1\"><b>8. Alternative Dispute Resolution<\/b><\/p><p class=\"p3\">In the event of a consumer dispute, the consumer may use the following alternative dispute resolution entity:<\/p><p class=\"p3\">Algarve Consumer Conflicts Information, Mediation and Arbitration Centre<\/p><p class=\"p3\">Address: Business Nest Building, Estrada da Penha, 8005-131 Faro<\/p><p class=\"p3\">Telephone: 289 823 135<\/p><p class=\"p3\">E-mail: Topalgarve@gmail.com<\/p><p class=\"p3\">Website: <a href=\"http:\/\/www.consumidoronline.pt\/\">www.consumidoronline.pt<\/a><\/p><p class=\"p3\">More information on the Consumer Portal <a href=\"https:\/\/www.consumidor.pt\">www.consumidor.pt<\/a><\/p><p class=\"p1\"><b>9. Termination<\/b><\/p><p class=\"p3\">Estudios Loreto reserves the right, in its sole discretion, to terminate or suspend your access to the site, without notice, for any reason, including, but not limited to, violation of these terms.<\/p><p class=\"p1\"><b>10. Applicable law<\/b><\/p><p class=\"p3\">These terms and conditions are governed by and construed in accordance with the laws of Portugal. You agree that any legal action or dispute relating to these terms will be dealt with exclusively in the courts of Portugal.<\/p><p class=\"p1\"><b>11. Contact<\/b><\/p><p class=\"p3\">If you have any questions about these terms, please contact us at: reservas@elementourbano.com.<\/p><p class=\"p3\">Be sure to adjust the details as needed and add relevant links, such as the link to the Privacy Policy. In addition, it is strongly recommended that the terms and conditions be reviewed by a lawyer specializing in digital law and e-commerce to ensure full legal compliance.<\/p><p><b>11. Local Accommodation Licence<\/b><\/p><p>RNET:<b data-removefontsize=\"true\" data-originalcomputedfontsize=\"13.333333\">166393\/AL<\/b><\/p>\t\t\t\t\t\t\t\t<\/div>\n\t\t\t\t<\/div>\n\t\t\t\t\t<\/div>\n\t\t\t\t<\/div>\n\t\t\t\t<\/div>","protected":false},"excerpt":{"rendered":"<p>1. Aceita\u00e7\u00e3o dos Termos Ao acessar e utilizar o site estudiosloreto.pt, voc\u00ea concorda em cumprir e estar vinculado aos seguintes termos e condi\u00e7\u00f5es de uso. Se voc\u00ea n\u00e3o concorda com estes termos, por favor, n\u00e3o utilize o site. 2. Modifica\u00e7\u00f5es nos Termos Est\u00fadios Loreto reserva-se o direito de modificar estes termos a qualquer momento. As [&hellip;]<\/p>","protected":false},"author":1,"featured_media":133,"parent":0,"menu_order":0,"comment_status":"closed","ping_status":"closed","template":"","meta":{"footnotes":""},"class_list":["post-337","page","type-page","status-publish","has-post-thumbnail","hentry"],"_links":{"self":[{"href":"https:\/\/estudiosloreto.pt\/en\/wp-json\/wp\/v2\/pages\/337","targetHints":{"allow":["GET"]}}],"collection":[{"href":"https:\/\/estudiosloreto.pt\/en\/wp-json\/wp\/v2\/pages"}],"about":[{"href":"https:\/\/estudiosloreto.pt\/en\/wp-json\/wp\/v2\/types\/page"}],"author":[{"embeddable":true,"href":"https:\/\/estudiosloreto.pt\/en\/wp-json\/wp\/v2\/users\/1"}],"replies":[{"embeddable":true,"href":"https:\/\/estudiosloreto.pt\/en\/wp-json\/wp\/v2\/comments?post=337"}],"version-history":[{"count":7,"href":"https:\/\/estudiosloreto.pt\/en\/wp-json\/wp\/v2\/pages\/337\/revisions"}],"predecessor-version":[{"id":363,"href":"https:\/\/estudiosloreto.pt\/en\/wp-json\/wp\/v2\/pages\/337\/revisions\/363"}],"wp:featuredmedia":[{"embeddable":true,"href":"https:\/\/estudiosloreto.pt\/en\/wp-json\/wp\/v2\/media\/133"}],"wp:attachment":[{"href":"https:\/\/estudiosloreto.pt\/en\/wp-json\/wp\/v2\/media?parent=337"}],"curies":[{"name":"wp","href":"https:\/\/api.w.org\/{rel}","templated":true}]}}